{"id":306,"date":"2023-06-05T20:52:58","date_gmt":"2023-06-05T20:52:58","guid":{"rendered":"https:\/\/www.associazionejonas.it\/site\/?page_id=306"},"modified":"2023-07-03T10:54:57","modified_gmt":"2023-07-03T10:54:57","slug":"5-x-mille","status":"publish","type":"page","link":"https:\/\/www.associazionejonas.it\/site\/?page_id=306","title":{"rendered":"5 x Mille"},"content":{"rendered":"\n<div class=\"wp-block-group alignfull is-layout-constrained wp-block-group-is-layout-constrained\">\n<p>Aderendo al 5 x 1000, in occasione della dichiarazione dei redditi, puoi destinare la tua quota a favore dei progetti dell\u2019Associazione Jonas.<\/p>\n\n\n\n<p>Con questo piccolo gesto, puoi aiutare i nostri volontari a tutelare e valorizzare l\u2019immenso patrimonio artistico-culturale della Valle di Susa.<\/p>\n\n\n\n<p>\u00c8 sufficiente, nei moduli per la denuncia dei redditi alla pagina \u201cScelta per la destinazione del Cinque X Mille dell\u2019IRPEF\u201d, inserire nell\u2019apposito riquadro \u201cSostegno del volontariato e delle altre organizzazioni non lucrative\u2026\u201d il codice fiscale dell\u2019Associazione Jonas.<\/p>\n\n\n\n<p class=\"has-text-align-center has-medium-font-size\">CF: 96027460011<\/p>\n\n\n\n<div class=\"wp-block-cover alignfull is-light has-parallax ona-hero\" style=\"min-height:250px\"><span aria-hidden=\"true\" class=\"wp-block-cover__background has-foreground-background-color has-background-dim-30 has-background-dim\"><\/span><div role=\"img\" class=\"wp-block-cover__image-background wp-image-307 has-parallax\" style=\"background-position:50% 50%;background-image:url(https:\/\/www.associazionejonas.it\/site\/wp-content\/uploads\/2023\/06\/Cappella.Horres.jpeg)\"><\/div><div class=\"wp-block-cover__inner-container is-layout-flow wp-block-cover-is-layout-flow\">\n<div class=\"wp-block-group is-layout-constrained wp-container-1 wp-block-group-is-layout-constrained\">\n<h4 class=\"wp-block-heading has-text-align-center has-background-color has-text-color has-medium-large-font-size\" id=\"hello-i-m-ona-and-this-is-my-personal-travel-journal\">Ogni contributo \u00e8 importante per continuare a sostenere l\u2019attivit\u00e0 dei volontari e la loro formazione.<\/h4>\n<\/div>\n<\/div><\/div>\n\n\n\n<p><\/p>\n<\/div>\n","protected":false},"excerpt":{"rendered":"<p>Aderendo al 5 x 1000, in occasione della dichiarazione dei redditi, puoi destinare la tua quota a favore dei progetti dell\u2019Associazione Jonas. Con questo piccolo gesto, puoi aiutare i nostri volontari a tutelare e valorizzare l\u2019immenso patrimonio artistico-culturale della Valle di Susa. \u00c8 sufficiente, nei moduli per la denuncia dei redditi alla pagina \u201cScelta per [&hellip;]<\/p>\n","protected":false},"author":1,"featured_media":0,"parent":0,"menu_order":0,"comment_status":"closed","ping_status":"closed","template":"","meta":{"footnotes":""},"yoast_head":"<!-- This site is optimized with the Yoast SEO plugin v22.6 - https:\/\/yoast.com\/wordpress\/plugins\/seo\/ -->\n<title>5 x Mille - Associazione Jonas<\/title>\n<meta name=\"description\" content=\"Vous pouvez soutenir les activit\u00e9s de l&#039;association Jonas et la formation de ses b\u00e9n\u00e9voles en affectant votre part de 5 x Mille \u00e0 nos projets.\" \/>\n<meta name=\"robots\" content=\"index, follow, max-snippet:-1, max-image-preview:large, max-video-preview:-1\" \/>\n<link rel=\"canonical\" href=\"https:\/\/www.associazionejonas.it\/site\/?page_id=306\" \/>\n<meta property=\"og:locale\" content=\"it_IT\" \/>\n<meta property=\"og:type\" content=\"article\" \/>\n<meta property=\"og:title\" content=\"5 x Mille - Associazione Jonas\" \/>\n<meta property=\"og:description\" content=\"Vous pouvez soutenir les activit\u00e9s de l&#039;association Jonas et la formation de ses b\u00e9n\u00e9voles en affectant votre part de 5 x Mille \u00e0 nos projets.\" \/>\n<meta property=\"og:url\" content=\"https:\/\/www.associazionejonas.it\/site\/?page_id=306\" \/>\n<meta property=\"og:site_name\" content=\"Associazione Jonas\" \/>\n<meta property=\"article:publisher\" content=\"https:\/\/www.facebook.com\/AssociazioneJonas\/\" \/>\n<meta property=\"article:modified_time\" content=\"2023-07-03T10:54:57+00:00\" \/>\n<meta name=\"twitter:card\" content=\"summary_large_image\" \/>\n<meta name=\"twitter:label1\" content=\"Tempo di lettura stimato\" \/>\n\t<meta name=\"twitter:data1\" content=\"1 minuto\" \/>\n<script type=\"application\/ld+json\" class=\"yoast-schema-graph\">{\"@context\":\"https:\/\/schema.org\",\"@graph\":[{\"@type\":\"WebPage\",\"@id\":\"https:\/\/www.associazionejonas.it\/site\/?page_id=306\",\"url\":\"https:\/\/www.associazionejonas.it\/site\/?page_id=306\",\"name\":\"5 x Mille - Associazione Jonas\",\"isPartOf\":{\"@id\":\"https:\/\/www.associazionejonas.it\/site\/#website\"},\"datePublished\":\"2023-06-05T20:52:58+00:00\",\"dateModified\":\"2023-07-03T10:54:57+00:00\",\"description\":\"Vous pouvez soutenir les activit\u00e9s de l'association Jonas et la formation de ses b\u00e9n\u00e9voles en affectant votre part de 5 x Mille \u00e0 nos projets.\",\"breadcrumb\":{\"@id\":\"https:\/\/www.associazionejonas.it\/site\/?page_id=306#breadcrumb\"},\"inLanguage\":\"it-IT\",\"potentialAction\":[{\"@type\":\"ReadAction\",\"target\":[\"https:\/\/www.associazionejonas.it\/site\/?page_id=306\"]}]},{\"@type\":\"BreadcrumbList\",\"@id\":\"https:\/\/www.associazionejonas.it\/site\/?page_id=306#breadcrumb\",\"itemListElement\":[{\"@type\":\"ListItem\",\"position\":1,\"name\":\"Home\",\"item\":\"https:\/\/www.associazionejonas.it\/site\/\"},{\"@type\":\"ListItem\",\"position\":2,\"name\":\"5 x Mille\"}]},{\"@type\":\"WebSite\",\"@id\":\"https:\/\/www.associazionejonas.it\/site\/#website\",\"url\":\"https:\/\/www.associazionejonas.it\/site\/\",\"name\":\"Associazione Jonas\",\"description\":\"\",\"publisher\":{\"@id\":\"https:\/\/www.associazionejonas.it\/site\/#organization\"},\"potentialAction\":[{\"@type\":\"SearchAction\",\"target\":{\"@type\":\"EntryPoint\",\"urlTemplate\":\"https:\/\/www.associazionejonas.it\/site\/?s={search_term_string}\"},\"query-input\":\"required name=search_term_string\"}],\"inLanguage\":\"it-IT\"},{\"@type\":\"Organization\",\"@id\":\"https:\/\/www.associazionejonas.it\/site\/#organization\",\"name\":\"Associazione Jonas\",\"url\":\"https:\/\/www.associazionejonas.it\/site\/\",\"logo\":{\"@type\":\"ImageObject\",\"inLanguage\":\"it-IT\",\"@id\":\"https:\/\/www.associazionejonas.it\/site\/#\/schema\/logo\/image\/\",\"url\":\"https:\/\/www.associazionejonas.it\/site\/wp-content\/uploads\/2023\/04\/Logo-Jonas-edited.png\",\"contentUrl\":\"https:\/\/www.associazionejonas.it\/site\/wp-content\/uploads\/2023\/04\/Logo-Jonas-edited.png\",\"width\":257,\"height\":193,\"caption\":\"Associazione Jonas\"},\"image\":{\"@id\":\"https:\/\/www.associazionejonas.it\/site\/#\/schema\/logo\/image\/\"},\"sameAs\":[\"https:\/\/www.facebook.com\/AssociazioneJonas\/\",\"https:\/\/www.instagram.com\/associazionejonas\/?hl=it\",\"https:\/\/www.youtube.com\/channel\/UC4Vm-QpKIIrvtd-ZFpQC3Hg?app=desktop\"]}]}<\/script>\n<!-- \/ Yoast SEO plugin. -->","yoast_head_json":{"title":"5 x Mille - Associazione Jonas","description":"Vous pouvez soutenir les activit\u00e9s de l'association Jonas et la formation de ses b\u00e9n\u00e9voles en affectant votre part de 5 x Mille \u00e0 nos projets.","robots":{"index":"index","follow":"follow","max-snippet":"max-snippet:-1","max-image-preview":"max-image-preview:large","max-video-preview":"max-video-preview:-1"},"canonical":"https:\/\/www.associazionejonas.it\/site\/?page_id=306","og_locale":"it_IT","og_type":"article","og_title":"5 x Mille - Associazione Jonas","og_description":"Vous pouvez soutenir les activit\u00e9s de l'association Jonas et la formation de ses b\u00e9n\u00e9voles en affectant votre part de 5 x Mille \u00e0 nos projets.","og_url":"https:\/\/www.associazionejonas.it\/site\/?page_id=306","og_site_name":"Associazione Jonas","article_publisher":"https:\/\/www.facebook.com\/AssociazioneJonas\/","article_modified_time":"2023-07-03T10:54:57+00:00","twitter_card":"summary_large_image","twitter_misc":{"Tempo di lettura stimato":"1 minuto"},"schema":{"@context":"https:\/\/schema.org","@graph":[{"@type":"WebPage","@id":"https:\/\/www.associazionejonas.it\/site\/?page_id=306","url":"https:\/\/www.associazionejonas.it\/site\/?page_id=306","name":"5 x Mille - Associazione Jonas","isPartOf":{"@id":"https:\/\/www.associazionejonas.it\/site\/#website"},"datePublished":"2023-06-05T20:52:58+00:00","dateModified":"2023-07-03T10:54:57+00:00","description":"Vous pouvez soutenir les activit\u00e9s de l'association Jonas et la formation de ses b\u00e9n\u00e9voles en affectant votre part de 5 x Mille \u00e0 nos projets.","breadcrumb":{"@id":"https:\/\/www.associazionejonas.it\/site\/?page_id=306#breadcrumb"},"inLanguage":"it-IT","potentialAction":[{"@type":"ReadAction","target":["https:\/\/www.associazionejonas.it\/site\/?page_id=306"]}]},{"@type":"BreadcrumbList","@id":"https:\/\/www.associazionejonas.it\/site\/?page_id=306#breadcrumb","itemListElement":[{"@type":"ListItem","position":1,"name":"Home","item":"https:\/\/www.associazionejonas.it\/site\/"},{"@type":"ListItem","position":2,"name":"5 x Mille"}]},{"@type":"WebSite","@id":"https:\/\/www.associazionejonas.it\/site\/#website","url":"https:\/\/www.associazionejonas.it\/site\/","name":"Associazione Jonas","description":"","publisher":{"@id":"https:\/\/www.associazionejonas.it\/site\/#organization"},"potentialAction":[{"@type":"SearchAction","target":{"@type":"EntryPoint","urlTemplate":"https:\/\/www.associazionejonas.it\/site\/?s={search_term_string}"},"query-input":"required name=search_term_string"}],"inLanguage":"it-IT"},{"@type":"Organization","@id":"https:\/\/www.associazionejonas.it\/site\/#organization","name":"Associazione Jonas","url":"https:\/\/www.associazionejonas.it\/site\/","logo":{"@type":"ImageObject","inLanguage":"it-IT","@id":"https:\/\/www.associazionejonas.it\/site\/#\/schema\/logo\/image\/","url":"https:\/\/www.associazionejonas.it\/site\/wp-content\/uploads\/2023\/04\/Logo-Jonas-edited.png","contentUrl":"https:\/\/www.associazionejonas.it\/site\/wp-content\/uploads\/2023\/04\/Logo-Jonas-edited.png","width":257,"height":193,"caption":"Associazione Jonas"},"image":{"@id":"https:\/\/www.associazionejonas.it\/site\/#\/schema\/logo\/image\/"},"sameAs":["https:\/\/www.facebook.com\/AssociazioneJonas\/","https:\/\/www.instagram.com\/associazionejonas\/?hl=it","https:\/\/www.youtube.com\/channel\/UC4Vm-QpKIIrvtd-ZFpQC3Hg?app=desktop"]}]}},"_links":{"self":[{"href":"https:\/\/www.associazionejonas.it\/site\/index.php?rest_route=\/wp\/v2\/pages\/306"}],"collection":[{"href":"https:\/\/www.associazionejonas.it\/site\/index.php?rest_route=\/wp\/v2\/pages"}],"about":[{"href":"https:\/\/www.associazionejonas.it\/site\/index.php?rest_route=\/wp\/v2\/types\/page"}],"author":[{"embeddable":true,"href":"https:\/\/www.associazionejonas.it\/site\/index.php?rest_route=\/wp\/v2\/users\/1"}],"replies":[{"embeddable":true,"href":"https:\/\/www.associazionejonas.it\/site\/index.php?rest_route=%2Fwp%2Fv2%2Fcomments&post=306"}],"version-history":[{"count":4,"href":"https:\/\/www.associazionejonas.it\/site\/index.php?rest_route=\/wp\/v2\/pages\/306\/revisions"}],"predecessor-version":[{"id":354,"href":"https:\/\/www.associazionejonas.it\/site\/index.php?rest_route=\/wp\/v2\/pages\/306\/revisions\/354"}],"wp:attachment":[{"href":"https:\/\/www.associazionejonas.it\/site\/index.php?rest_route=%2Fwp%2Fv2%2Fmedia&parent=306"}],"curies":[{"name":"wp","href":"https:\/\/api.w.org\/{rel}","templated":true}]}}